{"id":997,"date":"2022-03-26T17:22:20","date_gmt":"2022-03-26T16:22:20","guid":{"rendered":"https:\/\/epefresnes.com\/?page_id=997"},"modified":"2023-05-16T08:48:27","modified_gmt":"2023-05-16T06:48:27","slug":"espace-membre","status":"publish","type":"page","link":"https:\/\/epefresnes.com\/?page_id=997","title":{"rendered":"Espace Membre"},"content":{"rendered":"","protected":true},"excerpt":{"rendered":"","protected":true},"author":205015411,"featured_media":0,"parent":0,"menu_order":0,"comment_status":"closed","ping_status":"closed","template":"","meta":{"_coblocks_attr":"","_coblocks_dimensions":"","_coblocks_responsive_height":"","_coblocks_accordion_ie_support":"","_crdt_document":"","footnotes":""},"tags":[],"class_list":["post-997","page","type-page","status-publish","post-password-required","hentry"],"yoast_head":"<!-- This site is optimized with the Yoast SEO plugin v27.4 - https:\/\/yoast.com\/product\/yoast-seo-wordpress\/ -->\n<title>Espace Membre - \u00c9glise Protestante \u00c9vang\u00e9lique de Fresnes<\/title>\n<meta name=\"robots\" content=\"index, follow, max-snippet:-1, max-image-preview:large, max-video-preview:-1\" \/>\n<link rel=\"canonical\" href=\"https:\/\/epefresnes.com\/?page_id=997\" \/>\n<meta property=\"og:locale\" content=\"fr_FR\" \/>\n<meta property=\"og:type\" content=\"article\" \/>\n<meta property=\"og:title\" content=\"Espace Membre - \u00c9glise Protestante \u00c9vang\u00e9lique de Fresnes\" \/>\n<meta property=\"og:description\" content=\"Il n\u2019y a pas d\u2019extrait, car cette publication est prot\u00e9g\u00e9e.\" \/>\n<meta property=\"og:url\" content=\"https:\/\/epefresnes.com\/?page_id=997\" \/>\n<meta property=\"og:site_name\" content=\"\u00c9glise Protestante \u00c9vang\u00e9lique de Fresnes\" \/>\n<meta property=\"article:modified_time\" content=\"2023-05-16T06:48:27+00:00\" \/>\n<meta name=\"twitter:card\" content=\"summary_large_image\" \/>\n<meta name=\"twitter:label1\" content=\"Dur\u00e9e de lecture estim\u00e9e\" \/>\n\t<meta name=\"twitter:data1\" content=\"1 minute\" \/>\n<script type=\"application\/ld+json\" class=\"yoast-schema-graph\">{\"@context\":\"https:\\\/\\\/schema.org\",\"@graph\":[{\"@type\":\"WebPage\",\"@id\":\"https:\\\/\\\/epefresnes.com\\\/?page_id=997\",\"url\":\"https:\\\/\\\/epefresnes.com\\\/?page_id=997\",\"name\":\"Espace Membre - \u00c9glise Protestante \u00c9vang\u00e9lique de Fresnes\",\"isPartOf\":{\"@id\":\"https:\\\/\\\/epefresnes.com\\\/#website\"},\"datePublished\":\"2022-03-26T16:22:20+00:00\",\"dateModified\":\"2023-05-16T06:48:27+00:00\",\"breadcrumb\":{\"@id\":\"https:\\\/\\\/epefresnes.com\\\/?page_id=997#breadcrumb\"},\"inLanguage\":\"fr-FR\"},{\"@type\":\"WebSite\",\"@id\":\"https:\\\/\\\/epefresnes.com\\\/#website\",\"url\":\"https:\\\/\\\/epefresnes.com\\\/\",\"name\":\"\u00c9glise Protestante \u00c9vang\u00e9lique de Fresnes\",\"description\":\"\",\"publisher\":{\"@id\":\"https:\\\/\\\/epefresnes.com\\\/#organization\"},\"potentialAction\":[{\"@type\":\"SearchAction\",\"target\":{\"@type\":\"EntryPoint\",\"urlTemplate\":\"https:\\\/\\\/epefresnes.com\\\/?s={search_term_string}\"},\"query-input\":{\"@type\":\"PropertyValueSpecification\",\"valueRequired\":true,\"valueName\":\"search_term_string\"}}],\"inLanguage\":\"fr-FR\"},{\"@type\":\"Organization\",\"@id\":\"https:\\\/\\\/epefresnes.com\\\/#organization\",\"name\":\"\u00c9glise Protestante \u00c9vang\u00e9lique de Fresnes\",\"url\":\"https:\\\/\\\/epefresnes.com\\\/\",\"logo\":{\"@type\":\"ImageObject\",\"inLanguage\":\"fr-FR\",\"@id\":\"https:\\\/\\\/epefresnes.com\\\/#\\\/schema\\\/logo\\\/image\\\/\",\"url\":\"https:\\\/\\\/epefresnes.com\\\/wp-content\\\/uploads\\\/2021\\\/04\\\/epef-24x36-buro.png\",\"contentUrl\":\"https:\\\/\\\/epefresnes.com\\\/wp-content\\\/uploads\\\/2021\\\/04\\\/epef-24x36-buro.png\",\"width\":415,\"height\":255,\"caption\":\"\u00c9glise Protestante \u00c9vang\u00e9lique de Fresnes\"},\"image\":{\"@id\":\"https:\\\/\\\/epefresnes.com\\\/#\\\/schema\\\/logo\\\/image\\\/\"}}]}<\/script>\n<!-- \/ Yoast SEO plugin. -->","yoast_head_json":{"title":"Espace Membre - \u00c9glise Protestante \u00c9vang\u00e9lique de Fresnes","robots":{"index":"index","follow":"follow","max-snippet":"max-snippet:-1","max-image-preview":"max-image-preview:large","max-video-preview":"max-video-preview:-1"},"canonical":"https:\/\/epefresnes.com\/?page_id=997","og_locale":"fr_FR","og_type":"article","og_title":"Espace Membre - \u00c9glise Protestante \u00c9vang\u00e9lique de Fresnes","og_description":"Il n\u2019y a pas d\u2019extrait, car cette publication est prot\u00e9g\u00e9e.","og_url":"https:\/\/epefresnes.com\/?page_id=997","og_site_name":"\u00c9glise Protestante \u00c9vang\u00e9lique de Fresnes","article_modified_time":"2023-05-16T06:48:27+00:00","twitter_card":"summary_large_image","twitter_misc":{"Dur\u00e9e de lecture estim\u00e9e":"1 minute"},"schema":{"@context":"https:\/\/schema.org","@graph":[{"@type":"WebPage","@id":"https:\/\/epefresnes.com\/?page_id=997","url":"https:\/\/epefresnes.com\/?page_id=997","name":"Espace Membre - \u00c9glise Protestante \u00c9vang\u00e9lique de Fresnes","isPartOf":{"@id":"https:\/\/epefresnes.com\/#website"},"datePublished":"2022-03-26T16:22:20+00:00","dateModified":"2023-05-16T06:48:27+00:00","breadcrumb":{"@id":"https:\/\/epefresnes.com\/?page_id=997#breadcrumb"},"inLanguage":"fr-FR"},{"@type":"WebSite","@id":"https:\/\/epefresnes.com\/#website","url":"https:\/\/epefresnes.com\/","name":"\u00c9glise Protestante \u00c9vang\u00e9lique de Fresnes","description":"","publisher":{"@id":"https:\/\/epefresnes.com\/#organization"},"potentialAction":[{"@type":"SearchAction","target":{"@type":"EntryPoint","urlTemplate":"https:\/\/epefresnes.com\/?s={search_term_string}"},"query-input":{"@type":"PropertyValueSpecification","valueRequired":true,"valueName":"search_term_string"}}],"inLanguage":"fr-FR"},{"@type":"Organization","@id":"https:\/\/epefresnes.com\/#organization","name":"\u00c9glise Protestante \u00c9vang\u00e9lique de Fresnes","url":"https:\/\/epefresnes.com\/","logo":{"@type":"ImageObject","inLanguage":"fr-FR","@id":"https:\/\/epefresnes.com\/#\/schema\/logo\/image\/","url":"https:\/\/epefresnes.com\/wp-content\/uploads\/2021\/04\/epef-24x36-buro.png","contentUrl":"https:\/\/epefresnes.com\/wp-content\/uploads\/2021\/04\/epef-24x36-buro.png","width":415,"height":255,"caption":"\u00c9glise Protestante \u00c9vang\u00e9lique de Fresnes"},"image":{"@id":"https:\/\/epefresnes.com\/#\/schema\/logo\/image\/"}}]}},"jetpack_likes_enabled":true,"jetpack_shortlink":"https:\/\/wp.me\/PcZLNa-g5","jetpack_sharing_enabled":true,"amp_enabled":true,"_links":{"self":[{"href":"https:\/\/epefresnes.com\/index.php?rest_route=\/wp\/v2\/pages\/997","targetHints":{"allow":["GET"]}}],"collection":[{"href":"https:\/\/epefresnes.com\/index.php?rest_route=\/wp\/v2\/pages"}],"about":[{"href":"https:\/\/epefresnes.com\/index.php?rest_route=\/wp\/v2\/types\/page"}],"author":[{"embeddable":true,"href":"https:\/\/epefresnes.com\/index.php?rest_route=\/wp\/v2\/users\/205015411"}],"replies":[{"embeddable":true,"href":"https:\/\/epefresnes.com\/index.php?rest_route=%2Fwp%2Fv2%2Fcomments&post=997"}],"version-history":[{"count":90,"href":"https:\/\/epefresnes.com\/index.php?rest_route=\/wp\/v2\/pages\/997\/revisions"}],"predecessor-version":[{"id":3490,"href":"https:\/\/epefresnes.com\/index.php?rest_route=\/wp\/v2\/pages\/997\/revisions\/3490"}],"wp:attachment":[{"href":"https:\/\/epefresnes.com\/index.php?rest_route=%2Fwp%2Fv2%2Fmedia&parent=997"}],"wp:term":[{"taxonomy":"post_tag","embeddable":true,"href":"https:\/\/epefresnes.com\/index.php?rest_route=%2Fwp%2Fv2%2Ftags&post=997"}],"curies":[{"name":"wp","href":"https:\/\/api.w.org\/{rel}","templated":true}]}}