{"id":777,"date":"2022-03-26T11:40:25","date_gmt":"2022-03-26T10:40:25","guid":{"rendered":"https:\/\/epefresnes.com\/?page_id=777"},"modified":"2023-01-19T15:43:49","modified_gmt":"2023-01-19T14:43:49","slug":"eveil-a-la-foi","status":"publish","type":"page","link":"https:\/\/epefresnes.com\/?page_id=777","title":{"rendered":"Eveil \u00e0 la foi (2-3 ans)"},"content":{"rendered":"\n<div class=\"wp-block-group alignfull\" style=\"margin-top:0px;margin-bottom:0px;padding-top:7vw;padding-bottom:7vw\"><div class=\"wp-block-group__inner-container is-layout-flow wp-block-group-is-layout-flow\">\n<div class=\"wp-block-columns is-layout-flex wp-container-core-columns-is-layout-8f761849 wp-block-columns-is-layout-flex\">\n<div class=\"wp-block-column is-layout-flow wp-block-column-is-layout-flow\"><div class=\"wp-block-image\">\n<figure class=\"aligncenter size-full is-resized\"><img loading=\"lazy\" decoding=\"async\" data-attachment-id=\"2231\" data-permalink=\"https:\/\/epefresnes.com\/?attachment_id=2231\" data-orig-file=\"https:\/\/epefresnes.com\/wp-content\/uploads\/2022\/03\/pexels-photo-1449934.jpeg\" data-orig-size=\"1880,1253\" data-comments-opened=\"1\" data-image-meta=\"{&quot;aperture&quot;:&quot;0&quot;,&quot;credit&quot;:&quot;&quot;,&quot;camera&quot;:&quot;&quot;,&quot;caption&quot;:&quot;Photo by Alexander Grey on &lt;a href=\\&quot;https:\/\/www.pexels.com\/photo\/person-making-clay-figures-1449934\/\\&quot; rel=\\&quot;nofollow\\&quot;&gt;Pexels.com&lt;\/a&gt;&quot;,&quot;created_timestamp&quot;:&quot;0&quot;,&quot;copyright&quot;:&quot;&quot;,&quot;focal_length&quot;:&quot;0&quot;,&quot;iso&quot;:&quot;0&quot;,&quot;shutter_speed&quot;:&quot;0&quot;,&quot;title&quot;:&quot;person making clay figures&quot;,&quot;orientation&quot;:&quot;0&quot;}\" data-image-title=\"pexels-photo-1449934\" data-image-description=\"\" data-image-caption=\"&lt;p&gt;Photo by Alexander Grey on &lt;a href=&quot;https:\/\/www.pexels.com\/photo\/person-making-clay-figures-1449934\/&quot; rel=&quot;nofollow&quot;&gt;Pexels.com&lt;\/a&gt;&lt;\/p&gt;\n\" data-large-file=\"https:\/\/epefresnes.com\/wp-content\/uploads\/2022\/03\/pexels-photo-1449934-1024x682.jpeg\" src=\"https:\/\/epefresnes.com\/wp-content\/uploads\/2022\/03\/pexels-photo-1449934.jpeg\" alt=\"person making clay figures\" class=\"wp-image-2231\" width=\"259\" height=\"172\" srcset=\"https:\/\/epefresnes.com\/wp-content\/uploads\/2022\/03\/pexels-photo-1449934.jpeg 1880w, https:\/\/epefresnes.com\/wp-content\/uploads\/2022\/03\/pexels-photo-1449934-300x200.jpeg 300w, https:\/\/epefresnes.com\/wp-content\/uploads\/2022\/03\/pexels-photo-1449934-1024x682.jpeg 1024w, https:\/\/epefresnes.com\/wp-content\/uploads\/2022\/03\/pexels-photo-1449934-768x512.jpeg 768w, https:\/\/epefresnes.com\/wp-content\/uploads\/2022\/03\/pexels-photo-1449934-1536x1024.jpeg 1536w, https:\/\/epefresnes.com\/wp-content\/uploads\/2022\/03\/pexels-photo-1449934-1200x800.jpeg 1200w\" sizes=\"auto, (max-width: 259px) 100vw, 259px\" \/><\/figure>\n<\/div>\n\n\n<p class=\"has-text-align-center has-black-color has-text-color has-medium-font-size wp-block-paragraph\" style=\"font-size:20px\">La classe d\u2019\u00e9veil \u00e0 la foi de l\u2019EPEF regroupe les enfants <strong>d\u00e8s 2 ans<\/strong> jusqu\u2019\u00e0 leur entr\u00e9e en moyenne section de maternelle <strong>(3 ans et demi<\/strong>).<\/p>\n<\/div>\n\n\n\n<div class=\"wp-block-column is-layout-flow wp-block-column-is-layout-flow\"><div class=\"wp-block-image\">\n<figure class=\"aligncenter size-medium is-resized\"><img loading=\"lazy\" decoding=\"async\" data-attachment-id=\"1480\" data-permalink=\"https:\/\/epefresnes.com\/?attachment_id=1480\" data-orig-file=\"https:\/\/epefresnes.com\/wp-content\/uploads\/2022\/05\/Un-instant-bonheur.png\" data-orig-size=\"1654,1654\" data-comments-opened=\"1\" data-image-meta=\"{&quot;aperture&quot;:&quot;0&quot;,&quot;credit&quot;:&quot;&quot;,&quot;camera&quot;:&quot;&quot;,&quot;caption&quot;:&quot;&quot;,&quot;created_timestamp&quot;:&quot;0&quot;,&quot;copyright&quot;:&quot;&quot;,&quot;focal_length&quot;:&quot;0&quot;,&quot;iso&quot;:&quot;0&quot;,&quot;shutter_speed&quot;:&quot;0&quot;,&quot;title&quot;:&quot;&quot;,&quot;orientation&quot;:&quot;0&quot;}\" data-image-title=\"Un-instant-bonheur\" data-image-description=\"\" data-image-caption=\"\" data-large-file=\"https:\/\/epefresnes.com\/wp-content\/uploads\/2022\/05\/Un-instant-bonheur-1024x1024.png\" src=\"https:\/\/epefresnes.com\/wp-content\/uploads\/2022\/05\/Un-instant-bonheur-300x300.png\" alt=\"\" class=\"wp-image-1480\" width=\"168\" height=\"168\" srcset=\"https:\/\/epefresnes.com\/wp-content\/uploads\/2022\/05\/Un-instant-bonheur-300x300.png 300w, https:\/\/epefresnes.com\/wp-content\/uploads\/2022\/05\/Un-instant-bonheur-1024x1024.png 1024w, https:\/\/epefresnes.com\/wp-content\/uploads\/2022\/05\/Un-instant-bonheur-150x150.png 150w, https:\/\/epefresnes.com\/wp-content\/uploads\/2022\/05\/Un-instant-bonheur-768x768.png 768w, https:\/\/epefresnes.com\/wp-content\/uploads\/2022\/05\/Un-instant-bonheur-1536x1536.png 1536w, https:\/\/epefresnes.com\/wp-content\/uploads\/2022\/05\/Un-instant-bonheur-1200x1200.png 1200w, https:\/\/epefresnes.com\/wp-content\/uploads\/2022\/05\/Un-instant-bonheur-800x800.png 800w, https:\/\/epefresnes.com\/wp-content\/uploads\/2022\/05\/Un-instant-bonheur-400x400.png 400w, https:\/\/epefresnes.com\/wp-content\/uploads\/2022\/05\/Un-instant-bonheur-200x200.png 200w, https:\/\/epefresnes.com\/wp-content\/uploads\/2022\/05\/Un-instant-bonheur-365x365.png 365w, https:\/\/epefresnes.com\/wp-content\/uploads\/2022\/05\/Un-instant-bonheur-500x500.png 500w, https:\/\/epefresnes.com\/wp-content\/uploads\/2022\/05\/Un-instant-bonheur.png 1654w\" sizes=\"auto, (max-width: 168px) 100vw, 168px\" \/><\/figure>\n<\/div>\n\n\n<p class=\"has-text-align-center has-black-color has-text-color has-medium-font-size wp-block-paragraph\" style=\"font-size:20px\">L\u2019accueil des enfants est assur\u00e9 par <strong>5 \u00e9quipiers<\/strong> qui se r\u00e9partissent sur <strong>tous les dimanches du mois<\/strong>. Nous sollicitons l\u2019aide des fr\u00e8res et s\u0153urs de l\u2019Eglise pour nous aider \u00e0 encadrer les enfants durant le temps de culte.<\/p>\n<\/div>\n\n\n\n<div class=\"wp-block-column is-layout-flow wp-block-column-is-layout-flow\"><div class=\"wp-block-image\">\n<figure class=\"aligncenter size-large is-resized\"><img loading=\"lazy\" decoding=\"async\" data-attachment-id=\"1478\" data-permalink=\"https:\/\/epefresnes.com\/?attachment_id=1478\" data-orig-file=\"https:\/\/epefresnes.com\/wp-content\/uploads\/2022\/05\/pexels-photo-3662874.jpeg\" data-orig-size=\"867,1300\" data-comments-opened=\"1\" data-image-meta=\"{&quot;aperture&quot;:&quot;0&quot;,&quot;credit&quot;:&quot;&quot;,&quot;camera&quot;:&quot;&quot;,&quot;caption&quot;:&quot;&quot;,&quot;created_timestamp&quot;:&quot;0&quot;,&quot;copyright&quot;:&quot;&quot;,&quot;focal_length&quot;:&quot;0&quot;,&quot;iso&quot;:&quot;0&quot;,&quot;shutter_speed&quot;:&quot;0&quot;,&quot;title&quot;:&quot;&quot;,&quot;orientation&quot;:&quot;0&quot;}\" data-image-title=\"photo d un enfant heureux allonge sur un lit blanc\" data-image-description=\"\" data-image-caption=\"&lt;p&gt;Photo de cottonbro sur &lt;a href=&quot;https:\/\/www.pexels.com\/fr-fr\/photo\/photo-d-un-enfant-heureux-allonge-sur-un-lit-blanc-3662874\/&quot; rel=&quot;nofollow&quot;&gt;Pexels.com&lt;\/a&gt;&lt;\/p&gt;\n\" data-large-file=\"https:\/\/epefresnes.com\/wp-content\/uploads\/2022\/05\/pexels-photo-3662874-683x1024.jpeg\" src=\"https:\/\/epefresnes.com\/wp-content\/uploads\/2022\/05\/pexels-photo-3662874-683x1024.jpeg\" alt=\"\" class=\"wp-image-1478\" width=\"111\" height=\"166\" srcset=\"https:\/\/epefresnes.com\/wp-content\/uploads\/2022\/05\/pexels-photo-3662874-683x1024.jpeg 683w, https:\/\/epefresnes.com\/wp-content\/uploads\/2022\/05\/pexels-photo-3662874-200x300.jpeg 200w, https:\/\/epefresnes.com\/wp-content\/uploads\/2022\/05\/pexels-photo-3662874-768x1152.jpeg 768w, https:\/\/epefresnes.com\/wp-content\/uploads\/2022\/05\/pexels-photo-3662874.jpeg 867w\" sizes=\"auto, (max-width: 111px) 100vw, 111px\" \/><\/figure>\n<\/div>\n\n\n<p class=\"has-text-align-center has-black-color has-text-color has-medium-font-size wp-block-paragraph\" style=\"font-size:20px\">Ce qui est propos\u00e9 aux enfants durant l\u2019accueil&nbsp;:<br>_ <strong>Accueil des enfants<\/strong> \u00e0 partir de<strong> 10h25<\/strong><br>_ <strong>Jeux-libres <\/strong>ou activit\u00e9 li\u00e9e \u00e0 la <strong>le\u00e7on biblique du jour<\/strong><br>_ <strong>Collation<\/strong><\/p>\n<\/div>\n<\/div>\n\n\n\n<p class=\"has-text-align-center has-black-color has-text-color has-medium-font-size wp-block-paragraph\" style=\"font-size:25px\">Les enfants sont libres de participer ou non aux activit\u00e9s mais nous essayons de les faire participer \u00e0 la le\u00e7on sans toutefois les y obliger.<\/p>\n<\/div><\/div>\n\n\n\n<div class=\"wp-block-group alignfull has-text-color has-background\" style=\"color:#000000;background-color:#eeedeb\"><div class=\"wp-block-group__inner-container is-layout-flow wp-block-group-is-layout-flow\">\n<div class=\"wp-block-coblocks-row coblocks-row-312233426432\" data-columns=\"1\" data-layout=\"100\"><div class=\"wp-block-coblocks-row__inner has-no-padding has-no-margin is-stacked-on-mobile has-medium-gutter\">\n<div class=\"wp-block-coblocks-column is-vertically-aligned-center coblocks-column-312233428472\" style=\"width:100%\"><div class=\"wp-block-coblocks-column__inner has-no-padding has-no-margin\">\n<h1 class=\"wp-block-heading has-text-align-left has-custom-lineheight has-custom-letterspacing mb-0 pb-0 mt-0 pt-0\" style=\"line-height:1;letter-spacing:0.2px;font-size:32px\">\u00c9glise Protestante \u00c9vang\u00e9lique de Fresnes<\/h1>\n<\/div><\/div>\n<\/div><\/div>\n\n\n\n<p class=\"has-text-align-left wp-block-paragraph\">      5, avenue Jean Pierre &#8211; 94260 Fresnes<br>      09 50 79 60 60 <br>      <a href=\"mailto:eglise.ev@free.fr\" target=\"_blank\" rel=\"noreferrer noopener\">eglise.ev@free.fr<\/a> <br>      Pasteur: Serge Bachelier<\/p>\n\n\n\n<div class=\"wp-block-columns is-layout-flex wp-container-core-columns-is-layout-8f761849 wp-block-columns-is-layout-flex\">\n<div class=\"wp-block-column is-layout-flow wp-block-column-is-layout-flow\" style=\"flex-basis:250px\"><div class=\"wp-block-image\">\n<figure class=\"aligncenter size-full is-resized\"><img loading=\"lazy\" decoding=\"async\" width=\"415\" height=\"255\" data-attachment-id=\"194\" data-permalink=\"https:\/\/epefresnes.com\/?attachment_id=194\" data-orig-file=\"https:\/\/epefresnes.com\/wp-content\/uploads\/2021\/04\/epef-24x36-buro-1.png\" data-orig-size=\"415,255\" data-comments-opened=\"1\" data-image-meta=\"{&quot;aperture&quot;:&quot;0&quot;,&quot;credit&quot;:&quot;&quot;,&quot;camera&quot;:&quot;&quot;,&quot;caption&quot;:&quot;&quot;,&quot;created_timestamp&quot;:&quot;0&quot;,&quot;copyright&quot;:&quot;&quot;,&quot;focal_length&quot;:&quot;0&quot;,&quot;iso&quot;:&quot;0&quot;,&quot;shutter_speed&quot;:&quot;0&quot;,&quot;title&quot;:&quot;&quot;,&quot;orientation&quot;:&quot;0&quot;}\" data-image-title=\"epef-24&amp;#215;36-buro-1\" data-image-description=\"\" data-image-caption=\"\" data-large-file=\"https:\/\/epefresnes.com\/wp-content\/uploads\/2021\/04\/epef-24x36-buro-1.png\" src=\"https:\/\/epefresnes.com\/wp-content\/uploads\/2021\/04\/epef-24x36-buro-1.png\" alt=\"\" class=\"wp-image-194\" style=\"aspect-ratio:1.627504831654969;width:139px;height:auto\"\/><\/figure>\n<\/div>\n\n\n<p class=\"has-text-align-center wp-block-paragraph\"><a href=\"https:\/\/epefresnes.com\/?page_id=1446\">Mentions l\u00e9gales EPEF<\/a><\/p>\n<\/div>\n\n\n\n<div class=\"wp-block-column is-layout-flow wp-block-column-is-layout-flow\" style=\"flex-basis:300px\"><div class=\"wp-block-image\">\n<figure class=\"aligncenter size-large is-resized\"><img loading=\"lazy\" decoding=\"async\" width=\"425\" height=\"283\" data-attachment-id=\"229\" data-permalink=\"https:\/\/epefresnes.com\/?attachment_id=229\" data-orig-file=\"https:\/\/epefresnes.com\/wp-content\/uploads\/2021\/04\/diaconat-24x36-buro-2.png\" data-orig-size=\"425,283\" data-comments-opened=\"1\" data-image-meta=\"{&quot;aperture&quot;:&quot;0&quot;,&quot;credit&quot;:&quot;&quot;,&quot;camera&quot;:&quot;&quot;,&quot;caption&quot;:&quot;&quot;,&quot;created_timestamp&quot;:&quot;0&quot;,&quot;copyright&quot;:&quot;&quot;,&quot;focal_length&quot;:&quot;0&quot;,&quot;iso&quot;:&quot;0&quot;,&quot;shutter_speed&quot;:&quot;0&quot;,&quot;title&quot;:&quot;&quot;,&quot;orientation&quot;:&quot;0&quot;}\" data-image-title=\"diaconat-24&amp;#215;36-buro-2\" data-image-description=\"\" data-image-caption=\"\" data-large-file=\"https:\/\/epefresnes.com\/wp-content\/uploads\/2021\/04\/diaconat-24x36-buro-2.png\" src=\"https:\/\/epefresnes.com\/wp-content\/uploads\/2021\/04\/diaconat-24x36-buro-2.png\" alt=\"\" class=\"wp-image-229\" style=\"aspect-ratio:1.5018218918524997;width:129px;height:auto\"\/><\/figure>\n<\/div>\n\n\n<p class=\"has-text-align-center wp-block-paragraph\"><a href=\"https:\/\/epefresnes.com\/?page_id=1455\">Mentions l\u00e9gales ACTION DIACONAT<\/a><\/p>\n<\/div>\n\n\n\n<div class=\"wp-block-column is-layout-flow wp-block-column-is-layout-flow\" style=\"flex-basis:250px\"><div class=\"wp-block-image\">\n<figure class=\"aligncenter size-full is-resized\"><img loading=\"lazy\" decoding=\"async\" width=\"425\" height=\"283\" data-attachment-id=\"245\" data-permalink=\"https:\/\/epefresnes.com\/?attachment_id=245\" data-orig-file=\"https:\/\/epefresnes.com\/wp-content\/uploads\/2021\/04\/service-24x36-buro-4.png\" data-orig-size=\"425,283\" data-comments-opened=\"1\" data-image-meta=\"{&quot;aperture&quot;:&quot;0&quot;,&quot;credit&quot;:&quot;&quot;,&quot;camera&quot;:&quot;&quot;,&quot;caption&quot;:&quot;&quot;,&quot;created_timestamp&quot;:&quot;0&quot;,&quot;copyright&quot;:&quot;&quot;,&quot;focal_length&quot;:&quot;0&quot;,&quot;iso&quot;:&quot;0&quot;,&quot;shutter_speed&quot;:&quot;0&quot;,&quot;title&quot;:&quot;&quot;,&quot;orientation&quot;:&quot;0&quot;}\" data-image-title=\"service-24&amp;#215;36-buro-4\" data-image-description=\"\" data-image-caption=\"\" data-large-file=\"https:\/\/epefresnes.com\/wp-content\/uploads\/2021\/04\/service-24x36-buro-4.png\" src=\"https:\/\/epefresnes.com\/wp-content\/uploads\/2021\/04\/service-24x36-buro-4.png\" alt=\"\" class=\"wp-image-245\" style=\"aspect-ratio:1.501783367749202;width:125px;height:auto\"\/><\/figure>\n<\/div>\n\n\n<p class=\"has-text-align-center wp-block-paragraph\"><a href=\"https:\/\/epefresnes.com\/?page_id=1454\">Mentions l\u00e9gales EPEF SERVICE<\/a><\/p>\n<\/div>\n<\/div>\n<\/div><\/div>\n","protected":false},"excerpt":{"rendered":"<p>La classe d\u2019\u00e9veil \u00e0 la foi de l\u2019EPEF regroupe les enfants d\u00e8s 2 ans jusqu\u2019\u00e0 leur entr\u00e9e en moyenne section de maternelle (3 ans et demi). L\u2019accueil des enfants est assur\u00e9 par 5 \u00e9quipiers qui se r\u00e9partissent sur tous les dimanches du mois. Nous sollicitons l\u2019aide des fr\u00e8res et s\u0153urs de l\u2019Eglise pour nous aider &hellip; <a class=\"more-link\" href=\"https:\/\/epefresnes.com\/?page_id=777\">Lire la suite <span class=\"screen-reader-text\">Eveil \u00e0 la foi (2-3 ans)<\/span><\/a><\/p>\n","protected":false},"author":205015411,"featured_media":0,"parent":0,"menu_order":0,"comment_status":"closed","ping_status":"closed","template":"","meta":{"_coblocks_attr":"","_coblocks_dimensions":"","_coblocks_responsive_height":"","_coblocks_accordion_ie_support":"","_crdt_document":"","jetpack_post_was_ever_published":false,"footnotes":""},"tags":[6351,6348,6353,6357,6359,6355,6345,6349,6342,6354,6350,6352,6358],"class_list":["post-777","page","type-page","status-publish","hentry","tag-accueil","tag-eglise-2","tag-biblique","tag-classe","tag-culte","tag-dimanches","tag-eglise","tag-enfants","tag-epef","tag-eveil","tag-foi","tag-lecon","tag-participer"],"yoast_head":"<!-- This site is optimized with the Yoast SEO plugin v27.3 - https:\/\/yoast.com\/product\/yoast-seo-wordpress\/ -->\n<title>Eveil \u00e0 la foi (2-3 ans) - \u00c9glise Protestante \u00c9vang\u00e9lique de Fresnes<\/title>\n<meta name=\"robots\" content=\"index, follow, max-snippet:-1, max-image-preview:large, max-video-preview:-1\" \/>\n<link rel=\"canonical\" href=\"https:\/\/epefresnes.com\/?page_id=777\" \/>\n<meta property=\"og:locale\" content=\"fr_FR\" \/>\n<meta property=\"og:type\" content=\"article\" \/>\n<meta property=\"og:title\" content=\"Eveil \u00e0 la foi (2-3 ans) - \u00c9glise Protestante \u00c9vang\u00e9lique de Fresnes\" \/>\n<meta property=\"og:description\" content=\"La classe d\u2019\u00e9veil \u00e0 la foi de l\u2019EPEF regroupe les enfants d\u00e8s 2 ans jusqu\u2019\u00e0 leur entr\u00e9e en moyenne section de maternelle (3 ans et demi). L\u2019accueil des enfants est assur\u00e9 par 5 \u00e9quipiers qui se r\u00e9partissent sur tous les dimanches du mois. Nous sollicitons l\u2019aide des fr\u00e8res et s\u0153urs de l\u2019Eglise pour nous aider &hellip; Lire la suite Eveil \u00e0 la foi (2-3 ans)\" \/>\n<meta property=\"og:url\" content=\"https:\/\/epefresnes.com\/?page_id=777\" \/>\n<meta property=\"og:site_name\" content=\"\u00c9glise Protestante \u00c9vang\u00e9lique de Fresnes\" \/>\n<meta property=\"article:modified_time\" content=\"2023-01-19T14:43:49+00:00\" \/>\n<meta property=\"og:image\" content=\"https:\/\/epefresnes.com\/wp-content\/uploads\/2022\/03\/pexels-photo-1449934.jpeg\" \/>\n<meta name=\"twitter:card\" content=\"summary_large_image\" \/>\n<meta name=\"twitter:label1\" content=\"Dur\u00e9e de lecture estim\u00e9e\" \/>\n\t<meta name=\"twitter:data1\" content=\"2 minutes\" \/>\n<script type=\"application\/ld+json\" class=\"yoast-schema-graph\">{\"@context\":\"https:\\\/\\\/schema.org\",\"@graph\":[{\"@type\":\"WebPage\",\"@id\":\"https:\\\/\\\/epefresnes.com\\\/?page_id=777\",\"url\":\"https:\\\/\\\/epefresnes.com\\\/?page_id=777\",\"name\":\"Eveil \u00e0 la foi (2-3 ans) - \u00c9glise Protestante \u00c9vang\u00e9lique de Fresnes\",\"isPartOf\":{\"@id\":\"https:\\\/\\\/epefresnes.com\\\/#website\"},\"primaryImageOfPage\":{\"@id\":\"https:\\\/\\\/epefresnes.com\\\/?page_id=777#primaryimage\"},\"image\":{\"@id\":\"https:\\\/\\\/epefresnes.com\\\/?page_id=777#primaryimage\"},\"thumbnailUrl\":\"https:\\\/\\\/epefresnes.com\\\/wp-content\\\/uploads\\\/2022\\\/03\\\/pexels-photo-1449934.jpeg\",\"datePublished\":\"2022-03-26T10:40:25+00:00\",\"dateModified\":\"2023-01-19T14:43:49+00:00\",\"breadcrumb\":{\"@id\":\"https:\\\/\\\/epefresnes.com\\\/?page_id=777#breadcrumb\"},\"inLanguage\":\"fr-FR\",\"potentialAction\":[{\"@type\":\"ReadAction\",\"target\":[\"https:\\\/\\\/epefresnes.com\\\/?page_id=777\"]}]},{\"@type\":\"ImageObject\",\"inLanguage\":\"fr-FR\",\"@id\":\"https:\\\/\\\/epefresnes.com\\\/?page_id=777#primaryimage\",\"url\":\"https:\\\/\\\/epefresnes.com\\\/wp-content\\\/uploads\\\/2022\\\/03\\\/pexels-photo-1449934.jpeg\",\"contentUrl\":\"https:\\\/\\\/epefresnes.com\\\/wp-content\\\/uploads\\\/2022\\\/03\\\/pexels-photo-1449934.jpeg\",\"width\":1880,\"height\":1253,\"caption\":\"Photo by Alexander Grey on Pexels.com\"},{\"@type\":\"BreadcrumbList\",\"@id\":\"https:\\\/\\\/epefresnes.com\\\/?page_id=777#breadcrumb\",\"itemListElement\":[{\"@type\":\"ListItem\",\"position\":1,\"name\":\"Accueil\",\"item\":\"https:\\\/\\\/epefresnes.com\\\/\"},{\"@type\":\"ListItem\",\"position\":2,\"name\":\"Eveil \u00e0 la foi (2-3 ans)\"}]},{\"@type\":\"WebSite\",\"@id\":\"https:\\\/\\\/epefresnes.com\\\/#website\",\"url\":\"https:\\\/\\\/epefresnes.com\\\/\",\"name\":\"\u00c9glise Protestante \u00c9vang\u00e9lique de Fresnes\",\"description\":\"\",\"publisher\":{\"@id\":\"https:\\\/\\\/epefresnes.com\\\/#organization\"},\"potentialAction\":[{\"@type\":\"SearchAction\",\"target\":{\"@type\":\"EntryPoint\",\"urlTemplate\":\"https:\\\/\\\/epefresnes.com\\\/?s={search_term_string}\"},\"query-input\":{\"@type\":\"PropertyValueSpecification\",\"valueRequired\":true,\"valueName\":\"search_term_string\"}}],\"inLanguage\":\"fr-FR\"},{\"@type\":\"Organization\",\"@id\":\"https:\\\/\\\/epefresnes.com\\\/#organization\",\"name\":\"\u00c9glise Protestante \u00c9vang\u00e9lique de Fresnes\",\"url\":\"https:\\\/\\\/epefresnes.com\\\/\",\"logo\":{\"@type\":\"ImageObject\",\"inLanguage\":\"fr-FR\",\"@id\":\"https:\\\/\\\/epefresnes.com\\\/#\\\/schema\\\/logo\\\/image\\\/\",\"url\":\"https:\\\/\\\/epefresnes.com\\\/wp-content\\\/uploads\\\/2021\\\/04\\\/epef-24x36-buro.png\",\"contentUrl\":\"https:\\\/\\\/epefresnes.com\\\/wp-content\\\/uploads\\\/2021\\\/04\\\/epef-24x36-buro.png\",\"width\":415,\"height\":255,\"caption\":\"\u00c9glise Protestante \u00c9vang\u00e9lique de Fresnes\"},\"image\":{\"@id\":\"https:\\\/\\\/epefresnes.com\\\/#\\\/schema\\\/logo\\\/image\\\/\"}}]}<\/script>\n<!-- \/ Yoast SEO plugin. -->","yoast_head_json":{"title":"Eveil \u00e0 la foi (2-3 ans) - \u00c9glise Protestante \u00c9vang\u00e9lique de Fresnes","robots":{"index":"index","follow":"follow","max-snippet":"max-snippet:-1","max-image-preview":"max-image-preview:large","max-video-preview":"max-video-preview:-1"},"canonical":"https:\/\/epefresnes.com\/?page_id=777","og_locale":"fr_FR","og_type":"article","og_title":"Eveil \u00e0 la foi (2-3 ans) - \u00c9glise Protestante \u00c9vang\u00e9lique de Fresnes","og_description":"La classe d\u2019\u00e9veil \u00e0 la foi de l\u2019EPEF regroupe les enfants d\u00e8s 2 ans jusqu\u2019\u00e0 leur entr\u00e9e en moyenne section de maternelle (3 ans et demi). L\u2019accueil des enfants est assur\u00e9 par 5 \u00e9quipiers qui se r\u00e9partissent sur tous les dimanches du mois. Nous sollicitons l\u2019aide des fr\u00e8res et s\u0153urs de l\u2019Eglise pour nous aider &hellip; Lire la suite Eveil \u00e0 la foi (2-3 ans)","og_url":"https:\/\/epefresnes.com\/?page_id=777","og_site_name":"\u00c9glise Protestante \u00c9vang\u00e9lique de Fresnes","article_modified_time":"2023-01-19T14:43:49+00:00","og_image":[{"url":"https:\/\/epefresnes.com\/wp-content\/uploads\/2022\/03\/pexels-photo-1449934.jpeg","type":"","width":"","height":""}],"twitter_card":"summary_large_image","twitter_misc":{"Dur\u00e9e de lecture estim\u00e9e":"2 minutes"},"schema":{"@context":"https:\/\/schema.org","@graph":[{"@type":"WebPage","@id":"https:\/\/epefresnes.com\/?page_id=777","url":"https:\/\/epefresnes.com\/?page_id=777","name":"Eveil \u00e0 la foi (2-3 ans) - \u00c9glise Protestante \u00c9vang\u00e9lique de Fresnes","isPartOf":{"@id":"https:\/\/epefresnes.com\/#website"},"primaryImageOfPage":{"@id":"https:\/\/epefresnes.com\/?page_id=777#primaryimage"},"image":{"@id":"https:\/\/epefresnes.com\/?page_id=777#primaryimage"},"thumbnailUrl":"https:\/\/epefresnes.com\/wp-content\/uploads\/2022\/03\/pexels-photo-1449934.jpeg","datePublished":"2022-03-26T10:40:25+00:00","dateModified":"2023-01-19T14:43:49+00:00","breadcrumb":{"@id":"https:\/\/epefresnes.com\/?page_id=777#breadcrumb"},"inLanguage":"fr-FR","potentialAction":[{"@type":"ReadAction","target":["https:\/\/epefresnes.com\/?page_id=777"]}]},{"@type":"ImageObject","inLanguage":"fr-FR","@id":"https:\/\/epefresnes.com\/?page_id=777#primaryimage","url":"https:\/\/epefresnes.com\/wp-content\/uploads\/2022\/03\/pexels-photo-1449934.jpeg","contentUrl":"https:\/\/epefresnes.com\/wp-content\/uploads\/2022\/03\/pexels-photo-1449934.jpeg","width":1880,"height":1253,"caption":"Photo by Alexander Grey on Pexels.com"},{"@type":"BreadcrumbList","@id":"https:\/\/epefresnes.com\/?page_id=777#breadcrumb","itemListElement":[{"@type":"ListItem","position":1,"name":"Accueil","item":"https:\/\/epefresnes.com\/"},{"@type":"ListItem","position":2,"name":"Eveil \u00e0 la foi (2-3 ans)"}]},{"@type":"WebSite","@id":"https:\/\/epefresnes.com\/#website","url":"https:\/\/epefresnes.com\/","name":"\u00c9glise Protestante \u00c9vang\u00e9lique de Fresnes","description":"","publisher":{"@id":"https:\/\/epefresnes.com\/#organization"},"potentialAction":[{"@type":"SearchAction","target":{"@type":"EntryPoint","urlTemplate":"https:\/\/epefresnes.com\/?s={search_term_string}"},"query-input":{"@type":"PropertyValueSpecification","valueRequired":true,"valueName":"search_term_string"}}],"inLanguage":"fr-FR"},{"@type":"Organization","@id":"https:\/\/epefresnes.com\/#organization","name":"\u00c9glise Protestante \u00c9vang\u00e9lique de Fresnes","url":"https:\/\/epefresnes.com\/","logo":{"@type":"ImageObject","inLanguage":"fr-FR","@id":"https:\/\/epefresnes.com\/#\/schema\/logo\/image\/","url":"https:\/\/epefresnes.com\/wp-content\/uploads\/2021\/04\/epef-24x36-buro.png","contentUrl":"https:\/\/epefresnes.com\/wp-content\/uploads\/2021\/04\/epef-24x36-buro.png","width":415,"height":255,"caption":"\u00c9glise Protestante \u00c9vang\u00e9lique de Fresnes"},"image":{"@id":"https:\/\/epefresnes.com\/#\/schema\/logo\/image\/"}}]}},"jetpack_likes_enabled":true,"jetpack_shortlink":"https:\/\/wp.me\/PcZLNa-cx","jetpack_sharing_enabled":true,"amp_enabled":true,"_links":{"self":[{"href":"https:\/\/epefresnes.com\/index.php?rest_route=\/wp\/v2\/pages\/777","targetHints":{"allow":["GET"]}}],"collection":[{"href":"https:\/\/epefresnes.com\/index.php?rest_route=\/wp\/v2\/pages"}],"about":[{"href":"https:\/\/epefresnes.com\/index.php?rest_route=\/wp\/v2\/types\/page"}],"author":[{"embeddable":true,"href":"https:\/\/epefresnes.com\/index.php?rest_route=\/wp\/v2\/users\/205015411"}],"replies":[{"embeddable":true,"href":"https:\/\/epefresnes.com\/index.php?rest_route=%2Fwp%2Fv2%2Fcomments&post=777"}],"version-history":[{"count":31,"href":"https:\/\/epefresnes.com\/index.php?rest_route=\/wp\/v2\/pages\/777\/revisions"}],"predecessor-version":[{"id":2392,"href":"https:\/\/epefresnes.com\/index.php?rest_route=\/wp\/v2\/pages\/777\/revisions\/2392"}],"wp:attachment":[{"href":"https:\/\/epefresnes.com\/index.php?rest_route=%2Fwp%2Fv2%2Fmedia&parent=777"}],"wp:term":[{"taxonomy":"post_tag","embeddable":true,"href":"https:\/\/epefresnes.com\/index.php?rest_route=%2Fwp%2Fv2%2Ftags&post=777"}],"curies":[{"name":"wp","href":"https:\/\/api.w.org\/{rel}","templated":true}]}}