{"id":1446,"date":"2022-04-27T14:43:00","date_gmt":"2022-04-27T12:43:00","guid":{"rendered":"https:\/\/epefresnes.com\/?page_id=1446"},"modified":"2025-04-24T14:38:09","modified_gmt":"2025-04-24T12:38:09","slug":"mentions-legales-epef","status":"publish","type":"page","link":"https:\/\/epefresnes.com\/?page_id=1446","title":{"rendered":"Mentions l\u00e9gales EPEF"},"content":{"rendered":"\n<h3 class=\"wp-block-heading\"><strong>\u00c9<\/strong>DITEUR DU SITE<\/h3>\n\n\n\n<p class=\"has-medium-font-size wp-block-paragraph\">EPEF: Eglise Protestante Evang\u00e9lique de Fresnes<br>Si\u00e8ge Social \u2013 5 avenue Jean-Pierre \u2013 94260 Fresnes<br>Association Cultuelle , membre du CNEF, p\u00f4le R\u00e9seau FEF<br><a href=\"mailto:eglise.ev@free.fr\">eglise.ev@free.fr<\/a><\/p>\n\n\n\n<h3 class=\"wp-block-heading\">H<strong>\u00c9<\/strong>BERGEMENT DU SITE<\/h3>\n\n\n\n<p class=\"has-medium-font-size wp-block-paragraph\">WordPress Automattic Inc.<br>60 29th Street #343<br>San Francisco, CA 94110<\/p>\n\n\n\n<h3 class=\"wp-block-heading\">DIRECTEUR DE PUBLICATION<\/h3>\n\n\n\n<p class=\"has-medium-font-size wp-block-paragraph\">Serge Bachelier<\/p>\n\n\n\n<h3 class=\"wp-block-heading\">DISPOSITIONS G<strong style=\"font-weight: bold;\">\u00c9<\/strong>NERALES<\/h3>\n\n\n\n<p class=\"has-medium-font-size wp-block-paragraph\">Ces mentions l\u00e9gales s&rsquo;appliquent \u00e0 toute personne (ci-apr\u00e8s \u00a0\u00bb Internaute \u00ab\u00a0) visitant le site&nbsp; <a href=\"https:\/\/epefresnes.com\/\">https:\/\/epefresnes.com\/<\/a> (ci-apr\u00e8s \u00ab\u00a0le Site\u00a0\u00bb). Ces mentions l\u00e9gales pourront \u00eatre modifi\u00e9es \u00e0 tout moment et sans pr\u00e9avis. L\u2019EPEF ne pourra \u00eatre tenue responsable des cons\u00e9quences de ces changements.<\/p>\n\n\n\n<h3 class=\"wp-block-heading\">PROPRI<strong style=\"font-weight: bold;\">\u00c9<\/strong>T<strong style=\"font-weight: bold;\">\u00c9<\/strong> INTELLECTUELLE<\/h3>\n\n\n\n<p class=\"has-medium-font-size wp-block-paragraph\">Ce Site appartient et est exploit\u00e9 par L\u2019EPEF. Le Site dans son int\u00e9gralit\u00e9 et chacun des \u00e9l\u00e9ments le composant, y compris les marques, les logos, les noms de domaine, les bases de donn\u00e9es, la conception, la forme du Site, le contenu (\u00e9ditoriaux, illustrations et images originales et leur organisation), ainsi que toute compilation de logiciels, code source fondamental, logiciel (y compris les applets), et autres \u00e9l\u00e9ments contenus sur le Site sont prot\u00e9g\u00e9s par les dispositions du Code de La Propri\u00e9t\u00e9 Intellectuelle relatives notamment \u00e0 la propri\u00e9t\u00e9 litt\u00e9raire et artistique et \u00e0 la protection des bases de donn\u00e9es, et appartiennent \u00e0 L\u2019EPEF ou font l&rsquo;objet d&rsquo;une autorisation d&rsquo;utilisation. Aucun des \u00e9l\u00e9ments composant le Site ne peuvent \u00eatre copi\u00e9s, reproduits, modifi\u00e9s, ce de fa\u00e7on partielle ou int\u00e9grale, de quelque mani\u00e8re que ce soit, sur quelque support que ce soit, sans avoir obtenu l&rsquo;autorisation \u00e9crite et pr\u00e9alable de L&rsquo;EPEF, sous r\u00e9serve des exceptions pr\u00e9vues par la l\u00e9gislation en vigueur.<\/p>\n\n\n\n<h3 class=\"wp-block-heading\">LIENS HYPERTEXTES <\/h3>\n\n\n\n<p class=\"has-medium-font-size wp-block-paragraph\">Pour faciliter la recherche d&rsquo;informations, L\u2019EPEF peut mettre en place des liens vers d&rsquo;autres sites. A ce titre, la responsabilit\u00e9 de L\u2019EPEF ne saurait \u00eatre engag\u00e9e au titre d&rsquo;un site tiers auquel l&rsquo;Internaute aurait acc\u00e8s via le Site. L\u2019EPEF ne dispose d&rsquo;aucun moyen de contr\u00f4le du contenu des sites tiers.&nbsp;<\/p>\n\n\n\n<h3 class=\"wp-block-heading\">DONN<strong style=\"font-weight: bold;\">\u00c9<\/strong>ES PERSONNELLES <\/h3>\n\n\n\n<p class=\"wp-block-paragraph\">Nous nous engageons \u00e0 respecter la vie priv\u00e9e des utilisateurs de ce Site. Vous trouverez dans cette page la nature des informations recueillies lors de votre visite et l&rsquo;usage qui peut en \u00eatre fait.<br>Vous trouverez ci-dessous les diff\u00e9rents types d&rsquo;informations que nous pouvons recueillir:<\/p>\n\n\n\n<ul class=\"wp-block-list\">\n<li>Les informations permettant de vous identifier individuellement, c\u2019est-\u00e0-dire les informations qui vous identifient ou qui peuvent, moyennant un effort raisonnable, vous identifier (les \u00ab Informations personnelles \u00bb). Les Informations personnelles que nous recueillons par le biais de nos Services sont notamment le nom, l&rsquo;adresse e-mail, l&rsquo;adresse, le num\u00e9ro de t\u00e9l\u00e9phone, l&rsquo;adresse IP ou d&rsquo;autres informations demand\u00e9es \u00e0 chaque fois que n\u00e9cessaire. Si nous combinons des Informations personnelles avec des Informations non personnelles, nous traiterons les informations combin\u00e9es comme des Informations personnelles aussi longtemps qu&rsquo;elles resteront combin\u00e9es.&nbsp;<\/li>\n<\/ul>\n\n\n\n<p class=\"wp-block-paragraph\">Nous utilisons vos Informations personnelles aux fins suivantes :<\/p>\n\n\n\n<ul class=\"wp-block-list\">\n<li>Pour r\u00e9pondre \u00e0 vos demandes et requ\u00eates et vous apporter des r\u00e9ponses<\/li>\n\n\n\n<li>Pour vous envoyer des mises \u00e0 jour, des avis, des documents promotionnels et d&rsquo;autres informations concernant nos Services. Si nous vous envoyons des e-mails promotionnels, vous pouvez choisir de ne plus les recevoir en cliquant sur le lien de d\u00e9sabonnement que ces e-mails contiennent.<\/li>\n<\/ul>\n","protected":false},"excerpt":{"rendered":"<p>\u00c9DITEUR DU SITE EPEF: Eglise Protestante Evang\u00e9lique de FresnesSi\u00e8ge Social \u2013 5 avenue Jean-Pierre \u2013 94260 FresnesAssociation Cultuelle , membre du CNEF, p\u00f4le R\u00e9seau FEFeglise.ev@free.fr H\u00c9BERGEMENT DU SITE WordPress Automattic Inc.60 29th Street #343San Francisco, CA 94110 DIRECTEUR DE PUBLICATION Serge Bachelier DISPOSITIONS G\u00c9NERALES Ces mentions l\u00e9gales s&rsquo;appliquent \u00e0 toute personne (ci-apr\u00e8s \u00a0\u00bb Internaute \u00ab\u00a0) &hellip; <a class=\"more-link\" href=\"https:\/\/epefresnes.com\/?page_id=1446\">Lire la suite <span class=\"screen-reader-text\">Mentions l\u00e9gales EPEF<\/span><\/a><\/p>\n","protected":false},"author":205015411,"featured_media":0,"parent":0,"menu_order":0,"comment_status":"closed","ping_status":"closed","template":"","meta":{"_coblocks_attr":"","_coblocks_dimensions":"","_coblocks_responsive_height":"","_coblocks_accordion_ie_support":"","_crdt_document":"","jetpack_post_was_ever_published":false,"footnotes":""},"tags":[],"class_list":["post-1446","page","type-page","status-publish","hentry"],"yoast_head":"<!-- This site is optimized with the Yoast SEO plugin v27.3 - https:\/\/yoast.com\/product\/yoast-seo-wordpress\/ -->\n<title>Mentions l\u00e9gales EPEF - \u00c9glise Protestante \u00c9vang\u00e9lique de Fresnes<\/title>\n<meta name=\"robots\" content=\"index, follow, max-snippet:-1, max-image-preview:large, max-video-preview:-1\" \/>\n<link rel=\"canonical\" href=\"https:\/\/epefresnes.com\/?page_id=1446\" \/>\n<meta property=\"og:locale\" content=\"fr_FR\" \/>\n<meta property=\"og:type\" content=\"article\" \/>\n<meta property=\"og:title\" content=\"Mentions l\u00e9gales EPEF - \u00c9glise Protestante \u00c9vang\u00e9lique de Fresnes\" \/>\n<meta property=\"og:description\" content=\"\u00c9DITEUR DU SITE EPEF: Eglise Protestante Evang\u00e9lique de FresnesSi\u00e8ge Social \u2013 5 avenue Jean-Pierre \u2013 94260 FresnesAssociation Cultuelle , membre du CNEF, p\u00f4le R\u00e9seau FEFeglise.ev@free.fr H\u00c9BERGEMENT DU SITE WordPress Automattic Inc.60 29th Street #343San Francisco, CA 94110 DIRECTEUR DE PUBLICATION Serge Bachelier DISPOSITIONS G\u00c9NERALES Ces mentions l\u00e9gales s&rsquo;appliquent \u00e0 toute personne (ci-apr\u00e8s \u00a0\u00bb Internaute \u00ab\u00a0) &hellip; Lire la suite Mentions l\u00e9gales EPEF\" \/>\n<meta property=\"og:url\" content=\"https:\/\/epefresnes.com\/?page_id=1446\" \/>\n<meta property=\"og:site_name\" content=\"\u00c9glise Protestante \u00c9vang\u00e9lique de Fresnes\" \/>\n<meta property=\"article:modified_time\" content=\"2025-04-24T12:38:09+00:00\" \/>\n<meta name=\"twitter:card\" content=\"summary_large_image\" \/>\n<meta name=\"twitter:label1\" content=\"Dur\u00e9e de lecture estim\u00e9e\" \/>\n\t<meta name=\"twitter:data1\" content=\"3 minutes\" \/>\n<script type=\"application\/ld+json\" class=\"yoast-schema-graph\">{\"@context\":\"https:\\\/\\\/schema.org\",\"@graph\":[{\"@type\":\"WebPage\",\"@id\":\"https:\\\/\\\/epefresnes.com\\\/?page_id=1446\",\"url\":\"https:\\\/\\\/epefresnes.com\\\/?page_id=1446\",\"name\":\"Mentions l\u00e9gales EPEF - \u00c9glise Protestante \u00c9vang\u00e9lique de Fresnes\",\"isPartOf\":{\"@id\":\"https:\\\/\\\/epefresnes.com\\\/#website\"},\"datePublished\":\"2022-04-27T12:43:00+00:00\",\"dateModified\":\"2025-04-24T12:38:09+00:00\",\"breadcrumb\":{\"@id\":\"https:\\\/\\\/epefresnes.com\\\/?page_id=1446#breadcrumb\"},\"inLanguage\":\"fr-FR\",\"potentialAction\":[{\"@type\":\"ReadAction\",\"target\":[\"https:\\\/\\\/epefresnes.com\\\/?page_id=1446\"]}]},{\"@type\":\"BreadcrumbList\",\"@id\":\"https:\\\/\\\/epefresnes.com\\\/?page_id=1446#breadcrumb\",\"itemListElement\":[{\"@type\":\"ListItem\",\"position\":1,\"name\":\"Accueil\",\"item\":\"https:\\\/\\\/epefresnes.com\\\/\"},{\"@type\":\"ListItem\",\"position\":2,\"name\":\"Mentions l\u00e9gales EPEF\"}]},{\"@type\":\"WebSite\",\"@id\":\"https:\\\/\\\/epefresnes.com\\\/#website\",\"url\":\"https:\\\/\\\/epefresnes.com\\\/\",\"name\":\"\u00c9glise Protestante \u00c9vang\u00e9lique de Fresnes\",\"description\":\"\",\"publisher\":{\"@id\":\"https:\\\/\\\/epefresnes.com\\\/#organization\"},\"potentialAction\":[{\"@type\":\"SearchAction\",\"target\":{\"@type\":\"EntryPoint\",\"urlTemplate\":\"https:\\\/\\\/epefresnes.com\\\/?s={search_term_string}\"},\"query-input\":{\"@type\":\"PropertyValueSpecification\",\"valueRequired\":true,\"valueName\":\"search_term_string\"}}],\"inLanguage\":\"fr-FR\"},{\"@type\":\"Organization\",\"@id\":\"https:\\\/\\\/epefresnes.com\\\/#organization\",\"name\":\"\u00c9glise Protestante \u00c9vang\u00e9lique de Fresnes\",\"url\":\"https:\\\/\\\/epefresnes.com\\\/\",\"logo\":{\"@type\":\"ImageObject\",\"inLanguage\":\"fr-FR\",\"@id\":\"https:\\\/\\\/epefresnes.com\\\/#\\\/schema\\\/logo\\\/image\\\/\",\"url\":\"https:\\\/\\\/epefresnes.com\\\/wp-content\\\/uploads\\\/2021\\\/04\\\/epef-24x36-buro.png\",\"contentUrl\":\"https:\\\/\\\/epefresnes.com\\\/wp-content\\\/uploads\\\/2021\\\/04\\\/epef-24x36-buro.png\",\"width\":415,\"height\":255,\"caption\":\"\u00c9glise Protestante \u00c9vang\u00e9lique de Fresnes\"},\"image\":{\"@id\":\"https:\\\/\\\/epefresnes.com\\\/#\\\/schema\\\/logo\\\/image\\\/\"}}]}<\/script>\n<!-- \/ Yoast SEO plugin. -->","yoast_head_json":{"title":"Mentions l\u00e9gales EPEF - \u00c9glise Protestante \u00c9vang\u00e9lique de Fresnes","robots":{"index":"index","follow":"follow","max-snippet":"max-snippet:-1","max-image-preview":"max-image-preview:large","max-video-preview":"max-video-preview:-1"},"canonical":"https:\/\/epefresnes.com\/?page_id=1446","og_locale":"fr_FR","og_type":"article","og_title":"Mentions l\u00e9gales EPEF - \u00c9glise Protestante \u00c9vang\u00e9lique de Fresnes","og_description":"\u00c9DITEUR DU SITE EPEF: Eglise Protestante Evang\u00e9lique de FresnesSi\u00e8ge Social \u2013 5 avenue Jean-Pierre \u2013 94260 FresnesAssociation Cultuelle , membre du CNEF, p\u00f4le R\u00e9seau FEFeglise.ev@free.fr H\u00c9BERGEMENT DU SITE WordPress Automattic Inc.60 29th Street #343San Francisco, CA 94110 DIRECTEUR DE PUBLICATION Serge Bachelier DISPOSITIONS G\u00c9NERALES Ces mentions l\u00e9gales s&rsquo;appliquent \u00e0 toute personne (ci-apr\u00e8s \u00a0\u00bb Internaute \u00ab\u00a0) &hellip; Lire la suite Mentions l\u00e9gales EPEF","og_url":"https:\/\/epefresnes.com\/?page_id=1446","og_site_name":"\u00c9glise Protestante \u00c9vang\u00e9lique de Fresnes","article_modified_time":"2025-04-24T12:38:09+00:00","twitter_card":"summary_large_image","twitter_misc":{"Dur\u00e9e de lecture estim\u00e9e":"3 minutes"},"schema":{"@context":"https:\/\/schema.org","@graph":[{"@type":"WebPage","@id":"https:\/\/epefresnes.com\/?page_id=1446","url":"https:\/\/epefresnes.com\/?page_id=1446","name":"Mentions l\u00e9gales EPEF - \u00c9glise Protestante \u00c9vang\u00e9lique de Fresnes","isPartOf":{"@id":"https:\/\/epefresnes.com\/#website"},"datePublished":"2022-04-27T12:43:00+00:00","dateModified":"2025-04-24T12:38:09+00:00","breadcrumb":{"@id":"https:\/\/epefresnes.com\/?page_id=1446#breadcrumb"},"inLanguage":"fr-FR","potentialAction":[{"@type":"ReadAction","target":["https:\/\/epefresnes.com\/?page_id=1446"]}]},{"@type":"BreadcrumbList","@id":"https:\/\/epefresnes.com\/?page_id=1446#breadcrumb","itemListElement":[{"@type":"ListItem","position":1,"name":"Accueil","item":"https:\/\/epefresnes.com\/"},{"@type":"ListItem","position":2,"name":"Mentions l\u00e9gales EPEF"}]},{"@type":"WebSite","@id":"https:\/\/epefresnes.com\/#website","url":"https:\/\/epefresnes.com\/","name":"\u00c9glise Protestante \u00c9vang\u00e9lique de Fresnes","description":"","publisher":{"@id":"https:\/\/epefresnes.com\/#organization"},"potentialAction":[{"@type":"SearchAction","target":{"@type":"EntryPoint","urlTemplate":"https:\/\/epefresnes.com\/?s={search_term_string}"},"query-input":{"@type":"PropertyValueSpecification","valueRequired":true,"valueName":"search_term_string"}}],"inLanguage":"fr-FR"},{"@type":"Organization","@id":"https:\/\/epefresnes.com\/#organization","name":"\u00c9glise Protestante \u00c9vang\u00e9lique de Fresnes","url":"https:\/\/epefresnes.com\/","logo":{"@type":"ImageObject","inLanguage":"fr-FR","@id":"https:\/\/epefresnes.com\/#\/schema\/logo\/image\/","url":"https:\/\/epefresnes.com\/wp-content\/uploads\/2021\/04\/epef-24x36-buro.png","contentUrl":"https:\/\/epefresnes.com\/wp-content\/uploads\/2021\/04\/epef-24x36-buro.png","width":415,"height":255,"caption":"\u00c9glise Protestante \u00c9vang\u00e9lique de Fresnes"},"image":{"@id":"https:\/\/epefresnes.com\/#\/schema\/logo\/image\/"}}]}},"jetpack_likes_enabled":true,"jetpack_shortlink":"https:\/\/wp.me\/PcZLNa-nk","jetpack_sharing_enabled":true,"amp_enabled":true,"_links":{"self":[{"href":"https:\/\/epefresnes.com\/index.php?rest_route=\/wp\/v2\/pages\/1446","targetHints":{"allow":["GET"]}}],"collection":[{"href":"https:\/\/epefresnes.com\/index.php?rest_route=\/wp\/v2\/pages"}],"about":[{"href":"https:\/\/epefresnes.com\/index.php?rest_route=\/wp\/v2\/types\/page"}],"author":[{"embeddable":true,"href":"https:\/\/epefresnes.com\/index.php?rest_route=\/wp\/v2\/users\/205015411"}],"replies":[{"embeddable":true,"href":"https:\/\/epefresnes.com\/index.php?rest_route=%2Fwp%2Fv2%2Fcomments&post=1446"}],"version-history":[{"count":7,"href":"https:\/\/epefresnes.com\/index.php?rest_route=\/wp\/v2\/pages\/1446\/revisions"}],"predecessor-version":[{"id":1656,"href":"https:\/\/epefresnes.com\/index.php?rest_route=\/wp\/v2\/pages\/1446\/revisions\/1656"}],"wp:attachment":[{"href":"https:\/\/epefresnes.com\/index.php?rest_route=%2Fwp%2Fv2%2Fmedia&parent=1446"}],"wp:term":[{"taxonomy":"post_tag","embeddable":true,"href":"https:\/\/epefresnes.com\/index.php?rest_route=%2Fwp%2Fv2%2Ftags&post=1446"}],"curies":[{"name":"wp","href":"https:\/\/api.w.org\/{rel}","templated":true}]}}